{"id":123,"date":"2022-06-06T05:18:26","date_gmt":"2022-06-06T05:18:26","guid":{"rendered":"https:\/\/emotalk.chat\/?page_id=6617"},"modified":"2025-06-08T11:50:49","modified_gmt":"2025-06-08T14:50:49","slug":"home","status":"publish","type":"page","link":"https:\/\/emotalk.chat\/","title":{"rendered":"Home"},"content":{"rendered":"<div class=\"bm-builder clearfix \"><div id=\"\" class=\"module col-0 module-id-1654492993812 bm-wrap row-equal_spacing_v row-center\" data-module-col=\"0\" data-change-color=\"off\" data-backcolor=\"transparent\" data-frontcolor=\"\" data-logocolor=\"\" data-goto-top=\"off\" data-goto-top-spacing=\"0\" data-goto-disable-m=\"off\" data-groupsameheight=\"off\"><div class=\"module-inside group-inside\" style=\"--cornerRadius:0px 0px 0px 0px ; --cornerRadiusM:0px 0px 0px 0px ; --top-mod: 0px;--bottom-mod: 0px;--top-mod-t: 0px;--bottom-mod-t: 0px;--top-mod-m:0px;--bottom-mod-m:0px;\" ><div class=\"background-video\" style=\"--maskOpacity:0.00000001;--maskColor:#dd3333;\"><video style=\"\" class=\"lazy\" loop autoplay muted playsinline><source data-src=\"http:\/\/emotalk.chat\/vitorzanini\/capa.mp4\" type=\"video\/mp4\"><\/video><\/div><\/div><\/div><div id=\"\" class=\"module col-12 module-id-1749381305154\" data-module-col=\"12\"><div class=\"module-inside text-inside\" style=\"--top-mod: 40px;--bottom-mod: 0px;--top-mod-t: 40px;--bottom-mod-t: 0px;--top-mod-m:20px;--bottom-mod-m:0px;\" ><div class=\"text_block_out\"  data-effect=\"standard\" style=\"\"><div class=\"text_block ux-mod-nobg\"><div class=\"text_block_inn\"><div id=\"text-1749381305154\" class=\"text_block_centered text_block_centered_enable_width\"  style=\"\"><h2><span data-msize=\"16px\">Emotalk \u00e9 uma plataforma criada pelo artista Vitor Zanini dedicada a pesquisa a respeito da forma das emo\u00e7\u00f5es. <\/span><\/h2>\n<h2>&nbsp;<\/h2>\n<h2><span data-msize=\"16px\">Depoimentos compartilhados por pessoas que responderam question\u00e1rios, enviaram mensagens ou conversaram por chat sobre suas emo\u00e7\u00f5es.<br><\/span><\/h2><\/div><\/div><\/div><\/div><\/div><\/div><div id=\"\" class=\"module col-12 module-id-1748821523906_Q28M col-offset-0\" data-module-col=\"12\"><div class=\"module-inside text-inside\" style=\"--top-mod: 60px;--bottom-mod: 0px;--top-mod-t: 60px;--bottom-mod-t: 0px;--top-mod-m:30px;--bottom-mod-m:0px;\" ><div class=\"text_block_out\"  data-effect=\"standard\" style=\"\"><div class=\"text_block ux-mod-nobg\"><div class=\"text_block_inn\"><div id=\"text-1748821523906_Q28M\" class=\"text_block_centered text_block_centered_enable_width\"  style=\"\"><h4><span class=\"s1\" style=\"font-size: 14px;\" data-msize=\"10px\">audiodescri\u00e7\u00e3o:<br>Eu sou um personagem vermelho de rosto em formato de c\u00edrculo, com duas bolas brancas&nbsp; que s\u00e3o meus olhos. No meio do rosto, tenho uma bolinha branca que \u00e9 meu nariz. E bem&nbsp; embaixo, em formato de linha e tambem branca, que representa minha bocaa minha boca. Estou atento, prestando aten\u00e7\u00e3o e estou aqui pra gente refletir com voc\u00ea: Qual a forma das emo\u00e7\u00f5es?<\/span><\/h4><\/div><\/div><\/div><\/div><\/div><\/div><div id=\"\" class=\"module col-12 module-id-1654492997385 bm-wrap row-middle row-center bm-wrap-height-auto col-offset-0\" data-module-col=\"12\" data-change-color=\"off\" data-backcolor=\"transparent\" data-frontcolor=\"\" data-logocolor=\"\" data-goto-top=\"off\" data-goto-top-spacing=\"0\" data-goto-disable-m=\"off\" data-groupsameheight=\"off\"><div class=\"module-inside group-inside\" style=\"--top-mod: 77px;--bottom-mod: 60px;--top-mod-t: 60px;--bottom-mod-t: 80px;--top-mod-m:30px;--bottom-mod-m:40px;\" ><div id=\"\" class=\"module col-12 module-id-1748374966194 col-offset-0\" data-module-col=\"12\"><div class=\"module-inside embed-inside\" style=\"--cornerRadius:0px 0px 0px 0px ; --top-mod: 0px;--bottom-mod: 0px;--top-mod-t: 0px;--bottom-mod-t: 0px;--top-mod-m:0px;--bottom-mod-m:0px;\" ><div class=\"embed-wrap  \" style=\"\" ><iframe src=\"https:\/\/www.chatbase.co\/chatbot-iframe\/LAoILnz7u7vF9z30llOeR\" width=\"100%\" style=\"height: 100%;min-height: 700px\" frameborder=\"0\"><\/iframe><\/div><\/div><\/div><div id=\"\" class=\"module col-12 module-id-1749381836370ewjIp\" data-module-col=\"12\"><div class=\"module-inside text-inside\" style=\"--top-mod: 80px;--bottom-mod: 0px;--top-mod-t: 80px;--bottom-mod-t: 0px;--top-mod-m:40px;--bottom-mod-m:0px;\" ><div class=\"text_block_out\"  data-effect=\"standard\" style=\"\"><div class=\"text_block ux-mod-nobg\"><div class=\"text_block_inn\"><div id=\"text-1749381836370ewjIp\" class=\"text_block_centered text_block_centered_enable_width\"  style=\"\"><h2 style=\"text-align: center;\"><span data-msize=\"8px\"><span data-msize=\"16px\"><a href=\"https:\/\/docs.google.com\/forms\/d\/e\/1FAIpQLSdVRekuhm5bO5S3yAAZc-AeZXwgZu_PEUy-x0zPz9wB7Q3ZrA\/viewform?usp=sf_link\">Voc\u00ea pode participar tamb\u00e9m respondendo ao question\u00e1rio.<\/a><\/span><br><\/span><\/h2><\/div><\/div><\/div><\/div><\/div><\/div><div id=\"\" class=\"module col-12 module-id-1749382692722wjag6 col-offset-0\" data-module-col=\"12\"><div class=\"module-inside text-inside\" style=\"--top-mod: 60px;--bottom-mod: 0px;--top-mod-t: 60px;--bottom-mod-t: 0px;--top-mod-m:30px;--bottom-mod-m:0px;\" ><div class=\"text_block_out\"  data-effect=\"standard\" style=\"\"><div class=\"text_block ux-mod-nobg\"><div class=\"text_block_inn\"><div id=\"text-1749382692722wjag6\" class=\"text_block_centered text_block_centered_enable_width\"  style=\"\"><h4><span class=\"s1\" style=\"font-size: 14px;\" data-msize=\"10px\">audiodescri\u00e7\u00e3o:<br>Navegue pelo mapa de regi\u00f5es com a origem dos depoimentos.<\/span><\/h4><\/div><\/div><\/div><\/div><\/div><\/div><\/div><\/div><div id=\"\" class=\"module col-0 module-id-1654492998875 bm-wrap col-offset-3\" data-module-col=\"0\" data-change-color=\"Array\" data-backcolor=\"transparent\" data-frontcolor=\"\" data-logocolor=\"\" data-goto-top=\"Array\" data-goto-top-spacing=\"Array\" data-goto-disable-m=\"Array\" data-groupsameheight=\"Array\"><div class=\"module-inside group-inside\" style=\"--cornerRadius:0px 0px 0px 0px 0px 0px 0px 0px ; --cornerRadiusM:0px 0px 0px 0px 0px 0px 0px 0px ; --top-mod: 0px;--bottom-mod: 0px;--top-mod-t: 0px;--bottom-mod-t: 0px;--top-mod-m:0px;--bottom-mod-m:0px;\" ><\/div><\/div><div id=\"\" class=\"module col-12 module-id-1748375118842 col-offset-0\" data-module-col=\"12\"><div class=\"module-inside embed-inside\" style=\"--cornerRadius:0px 0px 0px 0px ; --top-mod: 0px;--bottom-mod: 20px;--top-mod-t: 0px;--bottom-mod-t: 20px;--top-mod-m:0px;--bottom-mod-m:10px;\" ><div class=\"embed-wrap  \" style=\"\" ><iframe loading=\"lazy\" src=\"https:\/\/www.google.com\/maps\/d\/u\/0\/embed?mid=1lx4A0qANXBDYRv3DARgtE3R04-9JbaM&amp;ehbc=2E312F\" width=\"100%\" height=\"700\"><\/iframe><\/div><\/div><\/div><div id=\"\" class=\"module col-4 module-id-1748769916666hsdsg\" data-module-col=\"4\"><div class=\"module-inside embed-inside\" style=\"--cornerRadius:0px 0px 0px 0px ; --top-mod: 2px;--bottom-mod: 0px;--top-mod-t: 20px;--bottom-mod-t: 0px;--top-mod-m:10px;--bottom-mod-m:0px;\" ><div class=\"embed-wrap embed-wrap-with-radio \" style=\"padding-bottom:56.25%;\" ><iframe class=\"\" src=\"\/\/www.youtube.com\/embed\/d5n_2LJTDJc?autoplay=0\" allowfullscreen><\/iframe><\/div><\/div><\/div><div id=\"\" class=\"module col-4 module-id-1748770134698ERXJo\" data-module-col=\"4\"><div class=\"module-inside embed-inside\" style=\"--cornerRadius:0px 0px 0px 0px ; --top-mod: 2px;--bottom-mod: 0px;--top-mod-t: 20px;--bottom-mod-t: 0px;--top-mod-m:10px;--bottom-mod-m:0px;\" ><div class=\"embed-wrap embed-wrap-with-radio \" style=\"padding-bottom:56.25%;\" ><iframe class=\"\" src=\"\/\/www.youtube.com\/embed\/ufubH-euK2U?autoplay=0\" allowfullscreen><\/iframe><\/div><\/div><\/div><div id=\"\" class=\"module col-4 module-id-1748769994434n2-Vl\" data-module-col=\"4\"><div class=\"module-inside embed-inside\" style=\"--cornerRadius:0px 0px 0px 0px ; --top-mod: 2px;--bottom-mod: 0px;--top-mod-t: 20px;--bottom-mod-t: 0px;--top-mod-m:10px;--bottom-mod-m:0px;\" ><div class=\"embed-wrap embed-wrap-with-radio \" style=\"padding-bottom:56.25%;\" ><iframe class=\"\" src=\"\/\/www.youtube.com\/embed\/I7qTwfMDOsg?autoplay=0\" allowfullscreen><\/iframe><\/div><\/div><\/div><div id=\"\" class=\"module col-4 module-id-1748699108938\" data-module-col=\"4\"><div class=\"module-inside embed-inside\" style=\"--cornerRadius:0px 0px 0px 0px ; --top-mod: 62px;--bottom-mod: 0px;--top-mod-t: 80px;--bottom-mod-t: 0px;--top-mod-m:40px;--bottom-mod-m:0px;\" ><div class=\"embed-wrap embed-wrap-with-radio \" style=\"padding-bottom:56.25%;\" ><iframe class=\"\" src=\"\/\/www.youtube.com\/embed\/_7OftGKOZGg?autoplay=0\" allowfullscreen><\/iframe><\/div><\/div><\/div><div id=\"\" class=\"module col-4 module-id-1748770176210xoZKp\" data-module-col=\"4\"><div class=\"module-inside embed-inside\" style=\"--cornerRadius:0px 0px 0px 0px ; --top-mod: 62px;--bottom-mod: 0px;--top-mod-t: 80px;--bottom-mod-t: 0px;--top-mod-m:40px;--bottom-mod-m:0px;\" ><div class=\"embed-wrap embed-wrap-with-radio \" style=\"padding-bottom:56.25%;\" ><iframe class=\"\" src=\"\/\/www.youtube.com\/embed\/qLzuzJQdf0k?autoplay=0\" allowfullscreen><\/iframe><\/div><\/div><\/div><div id=\"\" class=\"module col-4 module-id-1748770429218nMoVE\" data-module-col=\"4\"><div class=\"module-inside embed-inside\" style=\"--cornerRadius:0px 0px 0px 0px ; --top-mod: 62px;--bottom-mod: 20px;--top-mod-t: 80px;--bottom-mod-t: 20px;--top-mod-m:40px;--bottom-mod-m:10px;\" ><div class=\"embed-wrap embed-wrap-with-radio \" style=\"padding-bottom:56.25%;\" ><iframe class=\"\" src=\"\/\/www.youtube.com\/embed\/vp_JH7SfvHg?autoplay=0\" allowfullscreen><\/iframe><\/div><\/div><\/div><div id=\"\" class=\"module col-12 module-id-1748612628487\" data-module-col=\"12\"><div class=\"module-inside embed-inside\" style=\"--cornerRadius:0px 0px 0px 0px ; --top-mod: 0px;--bottom-mod: 0px;--top-mod-t: 0px;--bottom-mod-t: 0px;--top-mod-m:0px;--bottom-mod-m:0px;\" ><div class=\"embed-wrap  \" style=\"\" ><\/div><\/div><\/div><div id=\"\" class=\"module col-12 module-id-1749382413578T_cwE\" data-module-col=\"12\"><div class=\"module-inside text-inside\" style=\"--top-mod: 40px;--bottom-mod: 0px;--top-mod-t: 40px;--bottom-mod-t: 0px;--top-mod-m:20px;--bottom-mod-m:0px;\" ><div class=\"text_block_out\"  data-effect=\"standard\" style=\"\"><div class=\"text_block ux-mod-nobg\"><div class=\"text_block_inn\"><div id=\"text-1749382413578T_cwE\" class=\"text_block_centered text_block_centered_enable_width\"  style=\"\"><h2 style=\"text-align: center;\"><span data-msize=\"8px\"><span style=\"font-size: 20px;\" data-tsize=\"16px\" data-msize=\"16px\">Alguns dados sobre os depoimentos de 2023 a 2025:<\/span><br><\/span><\/h2><\/div><\/div><\/div><\/div><\/div><\/div><div id=\"\" class=\"module col-12 module-id-1749394334802CW6oQ\" data-module-col=\"12\"><div class=\"module-inside text-inside\" style=\"--top-mod: 20px;--bottom-mod: 0px;--top-mod-t: 20px;--bottom-mod-t: 0px;--top-mod-m:10px;--bottom-mod-m:0px;\" ><div class=\"text_block_out\"  data-effect=\"standard\" style=\"\"><div class=\"text_block ux-mod-nobg\"><div class=\"text_block_inn\"><div id=\"text-1749394334802CW6oQ\" class=\"text_block_centered text_block_centered_enable_width\"  style=\"\"><h2 style=\"text-align: center;\"><span data-msize=\"8px\"><span style=\"font-size: 22px;\" data-msize=\"16px\">Regi\u00f5es do Brasil, palavras mais faladas, temas mais presentes.<\/span><br><\/span><\/h2><\/div><\/div><\/div><\/div><\/div><\/div><div id=\"\" class=\"module col-5 module-id-1748697102058\" data-module-col=\"5\"><div class=\"module-inside embed-inside\" style=\"--cornerRadius:0px 0px 0px 0px ; --top-mod: 40px;--bottom-mod: 0px;--top-mod-t: 40px;--bottom-mod-t: 0px;--top-mod-m:20px;--bottom-mod-m:0px;\" ><div class=\"embed-wrap  \" style=\"\" ><iframe src='https:\/\/flo.uri.sh\/visualisation\/23516886\/embed' class='flourish-embed-iframe' frameborder='0' style='width:100%;height:600px'><\/iframe><div style='width:100%!;margin-top:4px!important;text-align:right!important'><a class='flourish-credit' href='https:\/\/public.flourish.studio\/visualisation\/23516886\/?utm_source=embed&amp;utm_campaign=visualisation\/23516886'><img alt='Made with Flourish' src='https:\/\/public.flourish.studio\/resources\/made_with_flourish.svg' \/> <\/a><\/div><\/div><\/div><\/div><div id=\"\" class=\"module col-6 module-id-1748695420402\" data-module-col=\"6\"><div class=\"module-inside embed-inside\" style=\"--cornerRadius:0px 0px 0px 0px ; --top-mod: 40px;--bottom-mod: 20px;--top-mod-t: 40px;--bottom-mod-t: 20px;--top-mod-m:20px;--bottom-mod-m:10px;\" ><div class=\"embed-wrap  \" style=\"\" ><iframe src='https:\/\/flo.uri.sh\/visualisation\/23516669\/embed' class='flourish-embed-iframe' frameborder='0' style='width:100%;height:600px'><\/iframe><div style='width:100%!;margin-top:4px!important;text-align:right!important'><a class='flourish-credit' href='https:\/\/public.flourish.studio\/visualisation\/23516669\/?utm_source=embed&amp;utm_campaign=visualisation\/23516669'><img alt='Made with Flourish' src='https:\/\/public.flourish.studio\/resources\/made_with_flourish.svg' \/> <\/a><\/div><\/div><\/div><\/div><div id=\"\" class=\"module col-10 module-id-1748698392578\" data-module-col=\"10\"><div class=\"module-inside embed-inside\" style=\"--cornerRadius:0px 0px 0px 0px ; --top-mod: 0px;--bottom-mod: 0px;--top-mod-t: 0px;--bottom-mod-t: 0px;--top-mod-m:0px;--bottom-mod-m:0px;\" ><div class=\"embed-wrap  \" style=\"\" ><iframe src='https:\/\/flo.uri.sh\/visualisation\/23517149\/embed' class='flourish-embed-iframe' frameborder='0' style='width:100%;height:600px'><\/iframe><div style='width:100%!;margin-top:4px!important;text-align:right!important'><a class='flourish-credit' href='https:\/\/public.flourish.studio\/visualisation\/23517149\/?utm_source=embed&amp;utm_campaign=visualisation\/23517149'><img alt='Made with Flourish' src='https:\/\/public.flourish.studio\/resources\/made_with_flourish.svg' \/> <\/a><\/div><\/div><\/div><\/div><div id=\"\" class=\"module col-6 module-id-1749394617171\" data-module-col=\"6\"><div class=\"module-inside single-image-inside\" style=\"--cornerRadius:0px 0px 0px 0px ; --top-mod: 80px;--bottom-mod: 0px;--top-mod-t: 80px;--bottom-mod-t: 0px;--top-mod-m:40px;--bottom-mod-m:0px;\" ><div class=\"single-image-out  \"  ><figure class=\"single-image   single-image-full   \" no><div class=\"ux-hover-wrap anima-wrap\" style=\"padding-top: 66.7%;\"><a class=\"ux-hover-wrap-a\" href=\"https:\/\/readymag.website\/u1373078277\/5541865\/\" target=\"_self\" rel=\" \"><img loading=\"lazy\" decoding=\"async\" alt=\"casita\" class=\"single-image-img img1st lazy \" src=\"data:image\/gif;base64,R0lGODlhAQABAIAAAAAAAP\/\/\/yH5BAEAAAAALAAAAAABAAEAAAIBRAA7\" data-src=\"https:\/\/emotalk.chat\/wp-content\/uploads\/2025\/06\/casita.jpg\" data-srcset=\"https:\/\/emotalk.chat\/wp-content\/uploads\/2025\/06\/casita.jpg 1000w, https:\/\/emotalk.chat\/wp-content\/uploads\/2025\/06\/casita-300x200.jpg 300w, https:\/\/emotalk.chat\/wp-content\/uploads\/2025\/06\/casita-768x512.jpg 768w, https:\/\/emotalk.chat\/wp-content\/uploads\/2025\/06\/casita-350x233.jpg 350w, https:\/\/emotalk.chat\/wp-content\/uploads\/2025\/06\/casita-650x434.jpg 650w\" data-sizes=\"(max-width: 480px) 320px,(max-width: 767px) 500px,(max-width: 1000px) 100vw, 1000px\" width=\"1000\" height=\"667\" \/><\/a><\/div><\/figure><\/div><\/div><\/div><div id=\"\" class=\"module col-5 module-id-1749421167467\" data-module-col=\"5\"><div class=\"module-inside single-image-inside\" style=\"--cornerRadius:0px 0px 0px 0px ; --top-mod: 100px;--bottom-mod: 0px;--top-mod-t: 100px;--bottom-mod-t: 0px;--top-mod-m:50px;--bottom-mod-m:0px;\" ><div class=\"single-image-out  \"  ><figure class=\"single-image   single-image-full   \" no><div class=\"ux-hover-wrap anima-wrap\" style=\"padding-top: 74.122807017544%;\"><a class=\"ux-hover-wrap-a\" href=\"https:\/\/readymag.website\/u1373078277\/5541865\/\" target=\"_self\" rel=\" \"><img loading=\"lazy\" decoding=\"async\" alt=\"app_vitorzaniniemo-1\" class=\"single-image-img img1st lazy \" src=\"data:image\/gif;base64,R0lGODlhAQABAIAAAAAAAP\/\/\/yH5BAEAAAAALAAAAAABAAEAAAIBRAA7\" data-src=\"https:\/\/emotalk.chat\/wp-content\/uploads\/2025\/06\/app_vitorzaniniemo-1.png\" data-srcset=\"https:\/\/emotalk.chat\/wp-content\/uploads\/2025\/06\/app_vitorzaniniemo-1.png 1140w, https:\/\/emotalk.chat\/wp-content\/uploads\/2025\/06\/app_vitorzaniniemo-1-300x222.png 300w, https:\/\/emotalk.chat\/wp-content\/uploads\/2025\/06\/app_vitorzaniniemo-1-1024x759.png 1024w, https:\/\/emotalk.chat\/wp-content\/uploads\/2025\/06\/app_vitorzaniniemo-1-768x569.png 768w, https:\/\/emotalk.chat\/wp-content\/uploads\/2025\/06\/app_vitorzaniniemo-1-350x259.png 350w, https:\/\/emotalk.chat\/wp-content\/uploads\/2025\/06\/app_vitorzaniniemo-1-650x482.png 650w, https:\/\/emotalk.chat\/wp-content\/uploads\/2025\/06\/app_vitorzaniniemo-1-1000x741.png 1000w\" data-sizes=\"(max-width: 480px) 320px,(max-width: 767px) 500px,(max-width: 1140px) 100vw, 1140px\" width=\"1140\" height=\"845\" \/><\/a><\/div><\/figure><\/div><\/div><\/div><div id=\"\" class=\"module col-12 module-id-1749421771928\" data-module-col=\"12\"><div class=\"module-inside text-inside\" style=\"--top-mod: 20px;--bottom-mod: 0px;--top-mod-t: 20px;--bottom-mod-t: 0px;--top-mod-m:10px;--bottom-mod-m:0px;\" ><div class=\"text_block_out\"  data-effect=\"standard\" style=\"\"><div class=\"text_block ux-mod-nobg\"><div class=\"text_block_inn\"><div id=\"text-1749421771928\" class=\"text_block_centered text_block_centered_enable_width\"  style=\"\"><div class=\"page\" title=\"Page 2\">\n<div class=\"section\">\n<div class=\"layoutArea\">\n<div class=\"column\">\n<p>EMOTALK faz parte da produc\u0327a\u0303o do artista contempora\u0302neo Vitor Zanini, dedicada ao estudo das conexo\u0303es emocionais e de como suas formas atravessam as vive\u0302ncias cotidianas de bem estar, individuais e interpessoais.<\/p>\n<p>&nbsp;<\/p>\n<\/div>\n<\/div>\n<div class=\"layoutArea\">\n<div class=\"column\">\n<p>O projeto faz um mergulho nas camadas mais profundas e emocionais dos ambientes cotidianos. Disponibilizado online desde 2023.<\/p>\n<\/div>\n<p>&nbsp;<\/p>\n<\/div>\n<\/div>\n<\/div><\/div><\/div><\/div><\/div><\/div><\/div><div id=\"\" class=\"module col-12 module-id-1749422021515Msemo\" data-module-col=\"12\"><div class=\"module-inside text-inside\" style=\"--top-mod: 40px;--bottom-mod: 0px;--top-mod-t: 40px;--bottom-mod-t: 0px;--top-mod-m:20px;--bottom-mod-m:0px;\" ><div class=\"text_block_out\"  data-effect=\"standard\" style=\"\"><div class=\"text_block ux-mod-nobg\"><div class=\"text_block_inn\"><div id=\"text-1749422021515Msemo\" class=\"text_block_centered text_block_centered_enable_width\"  style=\"\"><h2 style=\"text-align: center;\"><a href=\"https:\/\/www.youtube.com\/@EMOTALK\"><span data-msize=\"8px\">Assista todos v\u00eddeos com depoimentos (Youtube).<\/span><\/a><\/h2><\/div><\/div><\/div><\/div><\/div><\/div><div id=\"\" class=\"module col-12 module-id-1749422995882ZwNR-\" data-module-col=\"12\"><div class=\"module-inside text-inside\" style=\"--top-mod: 40px;--bottom-mod: 0px;--top-mod-t: 40px;--bottom-mod-t: 0px;--top-mod-m:20px;--bottom-mod-m:0px;\" ><div class=\"text_block_out\"  data-effect=\"standard\" style=\"\"><div class=\"text_block ux-mod-nobg\"><div class=\"text_block_inn\"><div id=\"text-1749422995882ZwNR-\" class=\"text_block_centered text_block_centered_enable_width\"  style=\"\"><h2 style=\"text-align: center;\">Quer saber mais da pesquisa?<br>Deixe seu e-mail aqui:<\/h2><\/div><\/div><\/div><\/div><\/div><\/div><div id=\"\" class=\"module col-12 module-id-17494245856111n9qc\" data-module-col=\"12\"><div class=\"module-inside text-inside\" style=\"--top-mod: 20px;--bottom-mod: 0px;--top-mod-t: 20px;--bottom-mod-t: 0px;--top-mod-m:10px;--bottom-mod-m:0px;\" ><div class=\"text_block_out\"  data-effect=\"standard\" style=\"\"><div class=\"text_block ux-mod-nobg\"><div class=\"text_block_inn\"><div id=\"text-17494245856111n9qc\" class=\"text_block_centered text_block_centered_enable_width\"  style=\"\"><\/div><\/div><\/div><\/div><\/div><\/div><div id=\"\" class=\"module col-11 module-id-1749423042498 col-offset-0\" data-module-col=\"11\"><div class=\"module-inside contact-form-inside\" style=\"--top-mod: 0px;--bottom-mod: 0px;--top-mod-t: 0px;--bottom-mod-t: 0px;--top-mod-m:0px;--bottom-mod-m:0px;\" ><div class=\"contactform ux-mod-nobg hide-form\"  style=\"\"><form action=\"https:\/\/emotalk.chat\/\" class=\"contact_form single-field\" method=\"POST\"><div class=\"contactform-input\"><input type=\"text\" name=\"idi_mail\" class=\"requiredField email\" placeholder=\"Email\" value=\"\" \/><input type=\"submit\" class=\"idi_send form-btn\" name=\"idi_send\" value=\"ENVIAR\" \/><\/div><input type=\"hidden\" class=\"info-tip\" value=\"send\" name=\"contact_form\" data-message=\"EMOTALK: E-mail enviado.\" data-sending=\"Sending\" data-required=\"Required\" data-invalidemail=\"e-mail inv\u00e1lido\" \/><\/form><input class=\"trgger-btn form-btn\" type=\"submit\" value=\"Coloque seu e-mail aqui.\"><\/div><\/div><\/div><div id=\"\" class=\"module col-12 module-id-1749422793842\" data-module-col=\"12\"><div class=\"module-inside text-inside\" style=\"--top-mod: 20px;--bottom-mod: 0px;--top-mod-t: 20px;--bottom-mod-t: 0px;--top-mod-m:10px;--bottom-mod-m:0px;\" ><div class=\"text_block_out\"  data-effect=\"standard\" style=\"\"><div class=\"text_block ux-mod-nobg\"><div class=\"text_block_inn\"><div id=\"text-1749422793842\" class=\"text_block_centered text_block_centered_enable_width\"  style=\"\"><\/div><\/div><\/div><\/div><\/div><\/div><div id=\"\" class=\"module col-12 module-id-1749426746427g6_vW\" data-module-col=\"12\"><div class=\"module-inside text-inside\" style=\"--top-mod: 20px;--bottom-mod: 0px;--top-mod-t: 20px;--bottom-mod-t: 0px;--top-mod-m:10px;--bottom-mod-m:0px;\" ><div class=\"text_block_out\"  data-effect=\"standard\" style=\"\"><div class=\"text_block ux-mod-nobg\"><div class=\"text_block_inn\"><div id=\"text-1749426746427g6_vW\" class=\"text_block_centered text_block_centered_enable_width\"  style=\"\"><\/div><\/div><\/div><\/div><\/div><\/div><\/div>","protected":false},"excerpt":{"rendered":"<p>Emotalk \u00e9 uma plataforma criada pelo artista Vitor Zanini dedicada &hellip;<\/p>\n","protected":false},"author":1,"featured_media":0,"parent":0,"menu_order":0,"comment_status":"closed","ping_status":"closed","template":"","meta":{"footnotes":""},"class_list":["post-123","page","type-page","status-publish","hentry"],"jetpack_sharing_enabled":true,"_links":{"self":[{"href":"https:\/\/emotalk.chat\/index.php?rest_route=\/wp\/v2\/pages\/123","targetHints":{"allow":["GET"]}}],"collection":[{"href":"https:\/\/emotalk.chat\/index.php?rest_route=\/wp\/v2\/pages"}],"about":[{"href":"https:\/\/emotalk.chat\/index.php?rest_route=\/wp\/v2\/types\/page"}],"author":[{"embeddable":true,"href":"https:\/\/emotalk.chat\/index.php?rest_route=\/wp\/v2\/users\/1"}],"replies":[{"embeddable":true,"href":"https:\/\/emotalk.chat\/index.php?rest_route=%2Fwp%2Fv2%2Fcomments&post=123"}],"version-history":[{"count":1,"href":"https:\/\/emotalk.chat\/index.php?rest_route=\/wp\/v2\/pages\/123\/revisions"}],"predecessor-version":[{"id":145,"href":"https:\/\/emotalk.chat\/index.php?rest_route=\/wp\/v2\/pages\/123\/revisions\/145"}],"wp:attachment":[{"href":"https:\/\/emotalk.chat\/index.php?rest_route=%2Fwp%2Fv2%2Fmedia&parent=123"}],"curies":[{"name":"wp","href":"https:\/\/api.w.org\/{rel}","templated":true}]}}